{"id":505,"date":"2025-12-11T08:53:09","date_gmt":"2025-12-11T07:53:09","guid":{"rendered":"https:\/\/software-product.health\/?page_id=505"},"modified":"2026-02-07T12:36:07","modified_gmt":"2026-02-07T11:36:07","slug":"the-team","status":"publish","type":"page","link":"https:\/\/software-product.health\/?page_id=505","title":{"rendered":"The Team"},"content":{"rendered":"\t\t<div data-elementor-type=\"wp-page\" data-elementor-id=\"505\" class=\"elementor elementor-505\">\n\t\t\t\t<div class=\"elementor-element elementor-element-1d13392 e-flex e-con-boxed wpr-particle-no wpr-jarallax-no wpr-parallax-no wpr-sticky-section-no wpr-equal-height-no e-con e-parent\" data-id=\"1d13392\" data-element_type=\"container\">\n\t\t\t\t\t<div class=\"e-con-inner\">\n\t\t<div class=\"elementor-element elementor-element-b55d017 e-con-full e-flex wpr-particle-no wpr-jarallax-no wpr-parallax-no wpr-sticky-section-no wpr-equal-height-no e-con e-child\" data-id=\"b55d017\" data-element_type=\"container\">\n\t\t<div class=\"elementor-element elementor-element-6ecf877 e-con-full e-flex wpr-particle-no wpr-jarallax-no wpr-parallax-no wpr-sticky-section-no wpr-equal-height-no e-con e-child\" data-id=\"6ecf877\" data-element_type=\"container\">\n\t\t\t\t<div class=\"elementor-element elementor-element-5966d56 elementor-widget elementor-widget-heading\" data-id=\"5966d56\" data-element_type=\"widget\" data-widget_type=\"heading.default\">\n\t\t\t\t<div class=\"elementor-widget-container\">\n\t\t\t\t\t<h2 class=\"elementor-heading-title elementor-size-default\"><a href=\"https:\/\/software-product.health\">Home<\/a><\/h2>\t\t\t\t<\/div>\n\t\t\t\t<\/div>\n\t\t\t\t<\/div>\n\t\t<div class=\"elementor-element elementor-element-4a72b6d e-con-full e-flex wpr-particle-no wpr-jarallax-no wpr-parallax-no wpr-sticky-section-no wpr-equal-height-no e-con e-child\" data-id=\"4a72b6d\" data-element_type=\"container\">\n\t\t\t\t<div class=\"elementor-element elementor-element-a8e8486 elementor-widget elementor-widget-heading\" data-id=\"a8e8486\" data-element_type=\"widget\" data-widget_type=\"heading.default\">\n\t\t\t\t<div class=\"elementor-widget-container\">\n\t\t\t\t\t<h2 class=\"elementor-heading-title elementor-size-default\"><a href=\"https:\/\/software-product.health\/?page_id=734\">Leistungen<\/a><\/h2>\t\t\t\t<\/div>\n\t\t\t\t<\/div>\n\t\t\t\t<\/div>\n\t\t<div class=\"elementor-element elementor-element-e663a31 e-con-full e-flex wpr-particle-no wpr-jarallax-no wpr-parallax-no wpr-sticky-section-no wpr-equal-height-no e-con e-child\" data-id=\"e663a31\" data-element_type=\"container\">\n\t\t\t\t<div class=\"elementor-element elementor-element-0256d8f elementor-widget elementor-widget-heading\" data-id=\"0256d8f\" data-element_type=\"widget\" data-widget_type=\"heading.default\">\n\t\t\t\t<div class=\"elementor-widget-container\">\n\t\t\t\t\t<h2 class=\"elementor-heading-title elementor-size-default\"><a href=\"https:\/\/software-product.health\/?page_id=505\u2197\">Team<\/a><\/h2>\t\t\t\t<\/div>\n\t\t\t\t<\/div>\n\t\t\t\t<\/div>\n\t\t<div class=\"elementor-element elementor-element-c407d45 e-con-full e-flex wpr-particle-no wpr-jarallax-no wpr-parallax-no wpr-sticky-section-no wpr-equal-height-no e-con e-child\" data-id=\"c407d45\" data-element_type=\"container\">\n\t\t\t\t<div class=\"elementor-element elementor-element-4776d75 elementor-widget elementor-widget-heading\" data-id=\"4776d75\" data-element_type=\"widget\" data-widget_type=\"heading.default\">\n\t\t\t\t<div class=\"elementor-widget-container\">\n\t\t\t\t\t<h2 class=\"elementor-heading-title elementor-size-default\"><a href=\"https:\/\/github.com\/fraunhofer-iem\/spha\">GitHub<\/a><\/h2>\t\t\t\t<\/div>\n\t\t\t\t<\/div>\n\t\t\t\t<\/div>\n\t\t\t\t<\/div>\n\t\t\t\t\t<\/div>\n\t\t\t\t<\/div>\n\t\t<div class=\"elementor-element elementor-element-7369d6c e-flex e-con-boxed wpr-particle-no wpr-jarallax-no wpr-parallax-no wpr-sticky-section-no wpr-equal-height-no e-con e-parent\" data-id=\"7369d6c\" data-element_type=\"container\">\n\t\t\t\t\t<div class=\"e-con-inner\">\n\t\t\t\t<div class=\"elementor-element elementor-element-c78f21a elementor-widget elementor-widget-heading\" data-id=\"c78f21a\" data-element_type=\"widget\" data-widget_type=\"heading.default\">\n\t\t\t\t<div class=\"elementor-widget-container\">\n\t\t\t\t\t<h2 class=\"elementor-heading-title elementor-size-default\"><font color=\"#040484\"><span style=\"font-size: 41px\">Das Team<\/span><\/font><\/h2>\t\t\t\t<\/div>\n\t\t\t\t<\/div>\n\t\t\t\t<div class=\"elementor-element elementor-element-1f571ee elementor-widget elementor-widget-spacer\" data-id=\"1f571ee\" data-element_type=\"widget\" data-widget_type=\"spacer.default\">\n\t\t\t\t<div class=\"elementor-widget-container\">\n\t\t\t\t\t\t\t<div class=\"elementor-spacer\">\n\t\t\t<div class=\"elementor-spacer-inner\"><\/div>\n\t\t<\/div>\n\t\t\t\t\t\t<\/div>\n\t\t\t\t<\/div>\n\t\t\t\t\t<\/div>\n\t\t\t\t<\/div>\n\t\t<div class=\"elementor-element elementor-element-dc4b02e e-flex e-con-boxed wpr-particle-no wpr-jarallax-no wpr-parallax-no wpr-sticky-section-no wpr-equal-height-no e-con e-parent\" data-id=\"dc4b02e\" data-element_type=\"container\">\n\t\t\t\t\t<div class=\"e-con-inner\">\n\t\t\t\t<div class=\"elementor-element elementor-element-4fe13cf elementor-widget__width-inherit elementor-widget elementor-widget-text-editor\" data-id=\"4fe13cf\" data-element_type=\"widget\" data-widget_type=\"text-editor.default\">\n\t\t\t\t<div class=\"elementor-widget-container\">\n\t\t\t\t\t\t\t\t\t<h5>Ein interdisziplin\u00e4res Team aus Software-Engineering-, Daten- und UX-Expert*innen,<\/h5><h5>das gemeinsam intelligente L\u00f6sungen f\u00fcr eine nachhaltig gesunde Softwareentwicklung schafft.<\/h5>\t\t\t\t\t\t\t\t<\/div>\n\t\t\t\t<\/div>\n\t\t\t\t<div class=\"elementor-element elementor-element-40c3451 wpr-lottie-svg elementor-widget elementor-widget-wpr-lottie-animations\" data-id=\"40c3451\" data-element_type=\"widget\" data-settings=\"{&quot;trigger&quot;:&quot;viewport&quot;}\" data-widget_type=\"wpr-lottie-animations.default\">\n\t\t\t\t<div class=\"elementor-widget-container\">\n\t\t\t\t\t<div class=\"wpr-lottie-animations-wrapper\"><div class=\"wpr-lottie-animations\" data-settings=\"{&quot;loop&quot;:&quot;yes&quot;,&quot;autoplay&quot;:&quot;yes&quot;,&quot;speed&quot;:1.6,&quot;trigger&quot;:&quot;viewport&quot;,&quot;reverse&quot;:&quot;&quot;,&quot;scroll_start&quot;:0,&quot;scroll_end&quot;:100,&quot;lottie_renderer&quot;:&quot;svg&quot;}\" data-json-url=\"https:\/\/lottie.host\/baaf4ef4-d0ad-4c83-a1df-4f158d6619f6\/2OHTFwtmma.json\"><\/div><\/div>\t\t\t\t<\/div>\n\t\t\t\t<\/div>\n\t\t\t\t\t<\/div>\n\t\t\t\t<\/div>\n\t\t<div class=\"elementor-element elementor-element-884b6e7 e-flex e-con-boxed wpr-particle-no wpr-jarallax-no wpr-parallax-no wpr-sticky-section-no wpr-equal-height-no e-con e-parent\" data-id=\"884b6e7\" data-element_type=\"container\">\n\t\t\t\t\t<div class=\"e-con-inner\">\n\t\t<div class=\"elementor-element elementor-element-c00c15e e-con-full e-flex wpr-particle-no wpr-jarallax-no wpr-parallax-no wpr-sticky-section-no wpr-equal-height-no e-con e-child\" data-id=\"c00c15e\" data-element_type=\"container\">\n\t\t\t\t<div class=\"elementor-element elementor-element-e737bf5 elementor-widget__width-initial elementor-position-top elementor-widget elementor-widget-image-box\" data-id=\"e737bf5\" data-element_type=\"widget\" data-widget_type=\"image-box.default\">\n\t\t\t\t<div class=\"elementor-widget-container\">\n\t\t\t\t\t<div class=\"elementor-image-box-wrapper\"><figure class=\"elementor-image-box-img\"><img fetchpriority=\"high\" decoding=\"async\" width=\"2560\" height=\"2560\" src=\"https:\/\/software-product.health\/wp-content\/uploads\/2025\/12\/20151211_SPHA_Portrait_Jan-Niclas-1-scaled.jpg\" class=\"attachment-full size-full wp-image-725\" alt=\"\" srcset=\"https:\/\/software-product.health\/wp-content\/uploads\/2025\/12\/20151211_SPHA_Portrait_Jan-Niclas-1-scaled.jpg 2560w, https:\/\/software-product.health\/wp-content\/uploads\/2025\/12\/20151211_SPHA_Portrait_Jan-Niclas-1-300x300.jpg 300w, https:\/\/software-product.health\/wp-content\/uploads\/2025\/12\/20151211_SPHA_Portrait_Jan-Niclas-1-1024x1024.jpg 1024w, https:\/\/software-product.health\/wp-content\/uploads\/2025\/12\/20151211_SPHA_Portrait_Jan-Niclas-1-150x150.jpg 150w, https:\/\/software-product.health\/wp-content\/uploads\/2025\/12\/20151211_SPHA_Portrait_Jan-Niclas-1-768x768.jpg 768w, https:\/\/software-product.health\/wp-content\/uploads\/2025\/12\/20151211_SPHA_Portrait_Jan-Niclas-1-1536x1536.jpg 1536w, https:\/\/software-product.health\/wp-content\/uploads\/2025\/12\/20151211_SPHA_Portrait_Jan-Niclas-1-2048x2048.jpg 2048w\" sizes=\"(max-width: 2560px) 100vw, 2560px\" \/><\/figure><div class=\"elementor-image-box-content\"><h3 class=\"elementor-image-box-title\"><font color=\"#040484\"><span style=\"caret-color: rgb(4, 4, 132); font-size: 25px;\">Jan-Niclas Str\u00fcwer<\/span><\/font><\/h3><p class=\"elementor-image-box-description\"><span data-teams=\"true\" style=\"caret-color: rgb(0, 0, 0); color: rgb(0, 0, 0); text-align: start; white-space: normal;\">Technical Lead &amp; Business Development<\/span><\/p><\/div><\/div>\t\t\t\t<\/div>\n\t\t\t\t<\/div>\n\t\t\t\t<div class=\"elementor-element elementor-element-ff86a4b elementor-widget-divider--view-line elementor-widget elementor-widget-divider\" data-id=\"ff86a4b\" data-element_type=\"widget\" data-widget_type=\"divider.default\">\n\t\t\t\t<div class=\"elementor-widget-container\">\n\t\t\t\t\t\t\t<div class=\"elementor-divider\">\n\t\t\t<span class=\"elementor-divider-separator\">\n\t\t\t\t\t\t<\/span>\n\t\t<\/div>\n\t\t\t\t\t\t<\/div>\n\t\t\t\t<\/div>\n\t\t\t\t<div class=\"elementor-element elementor-element-7a1b6d4 elementor-widget__width-initial elementor-position-top elementor-widget elementor-widget-image-box\" data-id=\"7a1b6d4\" data-element_type=\"widget\" data-widget_type=\"image-box.default\">\n\t\t\t\t<div class=\"elementor-widget-container\">\n\t\t\t\t\t<div class=\"elementor-image-box-wrapper\"><figure class=\"elementor-image-box-img\"><img decoding=\"async\" width=\"2560\" height=\"2560\" src=\"https:\/\/software-product.health\/wp-content\/uploads\/2026\/02\/Matthias_Becker_SPHA_2026-scaled.jpg\" class=\"attachment-full size-full wp-image-970\" alt=\"\" srcset=\"https:\/\/software-product.health\/wp-content\/uploads\/2026\/02\/Matthias_Becker_SPHA_2026-scaled.jpg 2560w, https:\/\/software-product.health\/wp-content\/uploads\/2026\/02\/Matthias_Becker_SPHA_2026-300x300.jpg 300w, https:\/\/software-product.health\/wp-content\/uploads\/2026\/02\/Matthias_Becker_SPHA_2026-1024x1024.jpg 1024w, https:\/\/software-product.health\/wp-content\/uploads\/2026\/02\/Matthias_Becker_SPHA_2026-150x150.jpg 150w, https:\/\/software-product.health\/wp-content\/uploads\/2026\/02\/Matthias_Becker_SPHA_2026-768x768.jpg 768w, https:\/\/software-product.health\/wp-content\/uploads\/2026\/02\/Matthias_Becker_SPHA_2026-1536x1536.jpg 1536w, https:\/\/software-product.health\/wp-content\/uploads\/2026\/02\/Matthias_Becker_SPHA_2026-2048x2048.jpg 2048w\" sizes=\"(max-width: 2560px) 100vw, 2560px\" \/><\/figure><div class=\"elementor-image-box-content\"><h3 class=\"elementor-image-box-title\"><font color=\"#040484\"><span style=\"caret-color: rgb(4, 4, 132); font-size: 25px;\">Dr. Matthias Becker<\/span><\/font><\/h3><p class=\"elementor-image-box-description\"><span data-teams=\"true\" style=\"caret-color: rgb(0, 0, 0); color: rgb(0, 0, 0); text-align: start; white-space: normal;\">Strategic Lead & Principal Investigator<\/span><\/p><\/div><\/div>\t\t\t\t<\/div>\n\t\t\t\t<\/div>\n\t\t\t\t<div class=\"elementor-element elementor-element-e15eafa elementor-widget-divider--view-line elementor-widget elementor-widget-divider\" data-id=\"e15eafa\" data-element_type=\"widget\" data-widget_type=\"divider.default\">\n\t\t\t\t<div class=\"elementor-widget-container\">\n\t\t\t\t\t\t\t<div class=\"elementor-divider\">\n\t\t\t<span class=\"elementor-divider-separator\">\n\t\t\t\t\t\t<\/span>\n\t\t<\/div>\n\t\t\t\t\t\t<\/div>\n\t\t\t\t<\/div>\n\t\t\t\t<div class=\"elementor-element elementor-element-252cc3c elementor-widget__width-initial elementor-position-top elementor-widget elementor-widget-image-box\" data-id=\"252cc3c\" data-element_type=\"widget\" data-widget_type=\"image-box.default\">\n\t\t\t\t<div class=\"elementor-widget-container\">\n\t\t\t\t\t<div class=\"elementor-image-box-wrapper\"><figure class=\"elementor-image-box-img\"><img decoding=\"async\" width=\"2560\" height=\"2560\" src=\"https:\/\/software-product.health\/wp-content\/uploads\/2026\/02\/Sebatian_Leuer_SPHA_2026-scaled.jpg\" class=\"attachment-full size-full wp-image-969\" alt=\"\" srcset=\"https:\/\/software-product.health\/wp-content\/uploads\/2026\/02\/Sebatian_Leuer_SPHA_2026-scaled.jpg 2560w, https:\/\/software-product.health\/wp-content\/uploads\/2026\/02\/Sebatian_Leuer_SPHA_2026-300x300.jpg 300w, https:\/\/software-product.health\/wp-content\/uploads\/2026\/02\/Sebatian_Leuer_SPHA_2026-1024x1024.jpg 1024w, https:\/\/software-product.health\/wp-content\/uploads\/2026\/02\/Sebatian_Leuer_SPHA_2026-150x150.jpg 150w, https:\/\/software-product.health\/wp-content\/uploads\/2026\/02\/Sebatian_Leuer_SPHA_2026-768x768.jpg 768w, https:\/\/software-product.health\/wp-content\/uploads\/2026\/02\/Sebatian_Leuer_SPHA_2026-1536x1536.jpg 1536w, https:\/\/software-product.health\/wp-content\/uploads\/2026\/02\/Sebatian_Leuer_SPHA_2026-2048x2048.jpg 2048w\" sizes=\"(max-width: 2560px) 100vw, 2560px\" \/><\/figure><div class=\"elementor-image-box-content\"><h3 class=\"elementor-image-box-title\"><font color=\"#040484\"><span style=\"caret-color: rgb(4, 4, 132); font-size: 25px;\">Sebastian Leuer<\/span><\/font><\/h3><p class=\"elementor-image-box-description\"><span data-teams=\"true\" style=\"caret-color: rgb(0, 0, 0); color: rgb(0, 0, 0); text-align: start; white-space: normal;\">Technical Advisor<\/span><\/p><\/div><\/div>\t\t\t\t<\/div>\n\t\t\t\t<\/div>\n\t\t\t\t<div class=\"elementor-element elementor-element-d7d36fa elementor-widget-divider--view-line elementor-widget elementor-widget-divider\" data-id=\"d7d36fa\" data-element_type=\"widget\" data-widget_type=\"divider.default\">\n\t\t\t\t<div class=\"elementor-widget-container\">\n\t\t\t\t\t\t\t<div class=\"elementor-divider\">\n\t\t\t<span class=\"elementor-divider-separator\">\n\t\t\t\t\t\t<\/span>\n\t\t<\/div>\n\t\t\t\t\t\t<\/div>\n\t\t\t\t<\/div>\n\t\t\t\t<div class=\"elementor-element elementor-element-bf82ad3 elementor-widget__width-initial elementor-position-top elementor-widget elementor-widget-image-box\" data-id=\"bf82ad3\" data-element_type=\"widget\" data-widget_type=\"image-box.default\">\n\t\t\t\t<div class=\"elementor-widget-container\">\n\t\t\t\t\t<div class=\"elementor-image-box-wrapper\"><figure class=\"elementor-image-box-img\"><img loading=\"lazy\" decoding=\"async\" width=\"2560\" height=\"2560\" src=\"https:\/\/software-product.health\/wp-content\/uploads\/2026\/02\/Lucas_Briese_SPHA_2026-scaled.jpg\" class=\"attachment-full size-full wp-image-973\" alt=\"\" srcset=\"https:\/\/software-product.health\/wp-content\/uploads\/2026\/02\/Lucas_Briese_SPHA_2026-scaled.jpg 2560w, https:\/\/software-product.health\/wp-content\/uploads\/2026\/02\/Lucas_Briese_SPHA_2026-300x300.jpg 300w, https:\/\/software-product.health\/wp-content\/uploads\/2026\/02\/Lucas_Briese_SPHA_2026-1024x1024.jpg 1024w, https:\/\/software-product.health\/wp-content\/uploads\/2026\/02\/Lucas_Briese_SPHA_2026-150x150.jpg 150w, https:\/\/software-product.health\/wp-content\/uploads\/2026\/02\/Lucas_Briese_SPHA_2026-768x768.jpg 768w, https:\/\/software-product.health\/wp-content\/uploads\/2026\/02\/Lucas_Briese_SPHA_2026-1536x1536.jpg 1536w, https:\/\/software-product.health\/wp-content\/uploads\/2026\/02\/Lucas_Briese_SPHA_2026-2048x2048.jpg 2048w\" sizes=\"(max-width: 2560px) 100vw, 2560px\" \/><\/figure><div class=\"elementor-image-box-content\"><h3 class=\"elementor-image-box-title\"><font color=\"#040484\"><span style=\"caret-color: rgb(4, 4, 132); font-size: 25px;\">Lucas Briese<\/span><\/font><\/h3><p class=\"elementor-image-box-description\"><span data-teams=\"true\" style=\"caret-color: rgb(0, 0, 0); color: rgb(0, 0, 0); text-align: start; white-space: normal;\">DevOps Engineer<\/span><\/p><\/div><\/div>\t\t\t\t<\/div>\n\t\t\t\t<\/div>\n\t\t\t\t<\/div>\n\t\t<div class=\"elementor-element elementor-element-2c70488 e-con-full e-flex wpr-particle-no wpr-jarallax-no wpr-parallax-no wpr-sticky-section-no wpr-equal-height-no e-con e-child\" data-id=\"2c70488\" data-element_type=\"container\">\n\t\t\t\t<div class=\"elementor-element elementor-element-96129c4 elementor-position-top elementor-widget elementor-widget-image-box\" data-id=\"96129c4\" data-element_type=\"widget\" data-widget_type=\"image-box.default\">\n\t\t\t\t<div class=\"elementor-widget-container\">\n\t\t\t\t\t<div class=\"elementor-image-box-wrapper\"><figure class=\"elementor-image-box-img\"><img loading=\"lazy\" decoding=\"async\" width=\"2560\" height=\"2560\" src=\"https:\/\/software-product.health\/wp-content\/uploads\/2025\/12\/20151211_SPHA_Portrait_Benedict_Wohlers-1-scaled.jpg\" class=\"attachment-full size-full wp-image-726\" alt=\"\" srcset=\"https:\/\/software-product.health\/wp-content\/uploads\/2025\/12\/20151211_SPHA_Portrait_Benedict_Wohlers-1-scaled.jpg 2560w, https:\/\/software-product.health\/wp-content\/uploads\/2025\/12\/20151211_SPHA_Portrait_Benedict_Wohlers-1-300x300.jpg 300w, https:\/\/software-product.health\/wp-content\/uploads\/2025\/12\/20151211_SPHA_Portrait_Benedict_Wohlers-1-1024x1024.jpg 1024w, https:\/\/software-product.health\/wp-content\/uploads\/2025\/12\/20151211_SPHA_Portrait_Benedict_Wohlers-1-150x150.jpg 150w, https:\/\/software-product.health\/wp-content\/uploads\/2025\/12\/20151211_SPHA_Portrait_Benedict_Wohlers-1-768x768.jpg 768w, https:\/\/software-product.health\/wp-content\/uploads\/2025\/12\/20151211_SPHA_Portrait_Benedict_Wohlers-1-1536x1536.jpg 1536w, https:\/\/software-product.health\/wp-content\/uploads\/2025\/12\/20151211_SPHA_Portrait_Benedict_Wohlers-1-2048x2048.jpg 2048w\" sizes=\"(max-width: 2560px) 100vw, 2560px\" \/><\/figure><div class=\"elementor-image-box-content\"><h3 class=\"elementor-image-box-title\"><font color=\"#040484\"><span style=\"font-size: 25px;\">Benedict Wohlers<\/span><\/font><\/h3><p class=\"elementor-image-box-description\"><span data-teams=\"true\" style=\"caret-color: rgb(0, 0, 0); color: rgb(0, 0, 0); text-align: start; white-space: normal;\">Product Manager & KPI Expert<\/span><\/p><\/div><\/div>\t\t\t\t<\/div>\n\t\t\t\t<\/div>\n\t\t\t\t<div class=\"elementor-element elementor-element-db179a8 elementor-widget-divider--view-line elementor-widget elementor-widget-divider\" data-id=\"db179a8\" data-element_type=\"widget\" data-widget_type=\"divider.default\">\n\t\t\t\t<div class=\"elementor-widget-container\">\n\t\t\t\t\t\t\t<div class=\"elementor-divider\">\n\t\t\t<span class=\"elementor-divider-separator\">\n\t\t\t\t\t\t<\/span>\n\t\t<\/div>\n\t\t\t\t\t\t<\/div>\n\t\t\t\t<\/div>\n\t\t\t\t<div class=\"elementor-element elementor-element-2830274 elementor-position-top elementor-widget elementor-widget-image-box\" data-id=\"2830274\" data-element_type=\"widget\" data-widget_type=\"image-box.default\">\n\t\t\t\t<div class=\"elementor-widget-container\">\n\t\t\t\t\t<div class=\"elementor-image-box-wrapper\"><figure class=\"elementor-image-box-img\"><img loading=\"lazy\" decoding=\"async\" width=\"2560\" height=\"2560\" src=\"https:\/\/software-product.health\/wp-content\/uploads\/2026\/02\/Oshando_Johnson_SPHA_2026-scaled.jpg\" class=\"attachment-full size-full wp-image-971\" alt=\"\" srcset=\"https:\/\/software-product.health\/wp-content\/uploads\/2026\/02\/Oshando_Johnson_SPHA_2026-scaled.jpg 2560w, https:\/\/software-product.health\/wp-content\/uploads\/2026\/02\/Oshando_Johnson_SPHA_2026-300x300.jpg 300w, https:\/\/software-product.health\/wp-content\/uploads\/2026\/02\/Oshando_Johnson_SPHA_2026-1024x1024.jpg 1024w, https:\/\/software-product.health\/wp-content\/uploads\/2026\/02\/Oshando_Johnson_SPHA_2026-150x150.jpg 150w, https:\/\/software-product.health\/wp-content\/uploads\/2026\/02\/Oshando_Johnson_SPHA_2026-768x768.jpg 768w, https:\/\/software-product.health\/wp-content\/uploads\/2026\/02\/Oshando_Johnson_SPHA_2026-1536x1536.jpg 1536w, https:\/\/software-product.health\/wp-content\/uploads\/2026\/02\/Oshando_Johnson_SPHA_2026-2048x2048.jpg 2048w\" sizes=\"(max-width: 2560px) 100vw, 2560px\" \/><\/figure><div class=\"elementor-image-box-content\"><h3 class=\"elementor-image-box-title\"><font color=\"#040484\"><span style=\"font-size: 25px;\">Oshando Johnson<\/span><\/font><\/h3><p class=\"elementor-image-box-description\"><span data-teams=\"true\" style=\"caret-color: rgb(0, 0, 0); color: rgb(0, 0, 0); text-align: start; white-space: normal;\">Development & GenAI Expert Report Generation<\/span><\/p><\/div><\/div>\t\t\t\t<\/div>\n\t\t\t\t<\/div>\n\t\t\t\t<div class=\"elementor-element elementor-element-1ba69ab elementor-widget-divider--view-line elementor-widget elementor-widget-divider\" data-id=\"1ba69ab\" data-element_type=\"widget\" data-widget_type=\"divider.default\">\n\t\t\t\t<div class=\"elementor-widget-container\">\n\t\t\t\t\t\t\t<div class=\"elementor-divider\">\n\t\t\t<span class=\"elementor-divider-separator\">\n\t\t\t\t\t\t<\/span>\n\t\t<\/div>\n\t\t\t\t\t\t<\/div>\n\t\t\t\t<\/div>\n\t\t\t\t<div class=\"elementor-element elementor-element-543562d elementor-position-top elementor-widget elementor-widget-image-box\" data-id=\"543562d\" data-element_type=\"widget\" data-widget_type=\"image-box.default\">\n\t\t\t\t<div class=\"elementor-widget-container\">\n\t\t\t\t\t<div class=\"elementor-image-box-wrapper\"><figure class=\"elementor-image-box-img\"><img loading=\"lazy\" decoding=\"async\" width=\"2560\" height=\"2560\" src=\"https:\/\/software-product.health\/wp-content\/uploads\/2026\/02\/Hutomo_Saleh_SPHA_2026-scaled.jpg\" class=\"attachment-full size-full wp-image-972\" alt=\"\" srcset=\"https:\/\/software-product.health\/wp-content\/uploads\/2026\/02\/Hutomo_Saleh_SPHA_2026-scaled.jpg 2560w, https:\/\/software-product.health\/wp-content\/uploads\/2026\/02\/Hutomo_Saleh_SPHA_2026-300x300.jpg 300w, https:\/\/software-product.health\/wp-content\/uploads\/2026\/02\/Hutomo_Saleh_SPHA_2026-1024x1024.jpg 1024w, https:\/\/software-product.health\/wp-content\/uploads\/2026\/02\/Hutomo_Saleh_SPHA_2026-150x150.jpg 150w, https:\/\/software-product.health\/wp-content\/uploads\/2026\/02\/Hutomo_Saleh_SPHA_2026-768x768.jpg 768w, https:\/\/software-product.health\/wp-content\/uploads\/2026\/02\/Hutomo_Saleh_SPHA_2026-1536x1536.jpg 1536w, https:\/\/software-product.health\/wp-content\/uploads\/2026\/02\/Hutomo_Saleh_SPHA_2026-2048x2048.jpg 2048w\" sizes=\"(max-width: 2560px) 100vw, 2560px\" \/><\/figure><div class=\"elementor-image-box-content\"><h3 class=\"elementor-image-box-title\"><font color=\"#040484\"><span style=\"caret-color: rgb(4, 4, 132); font-size: 25px;\">Hutomo Saleh<\/span><\/font><\/h3><p class=\"elementor-image-box-description\"><span data-teams=\"true\" style=\"caret-color: rgb(0, 0, 0); color: rgb(0, 0, 0); text-align: start; white-space: normal;\">Development & Expert Sustainability<\/span><\/p><\/div><\/div>\t\t\t\t<\/div>\n\t\t\t\t<\/div>\n\t\t\t\t<div class=\"elementor-element elementor-element-f92fe38 elementor-widget-divider--view-line elementor-widget elementor-widget-divider\" data-id=\"f92fe38\" data-element_type=\"widget\" data-widget_type=\"divider.default\">\n\t\t\t\t<div class=\"elementor-widget-container\">\n\t\t\t\t\t\t\t<div class=\"elementor-divider\">\n\t\t\t<span class=\"elementor-divider-separator\">\n\t\t\t\t\t\t<\/span>\n\t\t<\/div>\n\t\t\t\t\t\t<\/div>\n\t\t\t\t<\/div>\n\t\t\t\t<\/div>\n\t\t\t\t\t<\/div>\n\t\t\t\t<\/div>\n\t\t<div class=\"elementor-element elementor-element-d75a45a e-flex e-con-boxed wpr-particle-no wpr-jarallax-no wpr-parallax-no wpr-sticky-section-no wpr-equal-height-no e-con e-parent\" data-id=\"d75a45a\" data-element_type=\"container\">\n\t\t\t\t\t<div class=\"e-con-inner\">\n\t\t\t\t<div class=\"elementor-element elementor-element-ee0a53e elementor-widget elementor-widget-spacer\" data-id=\"ee0a53e\" data-element_type=\"widget\" data-widget_type=\"spacer.default\">\n\t\t\t\t<div class=\"elementor-widget-container\">\n\t\t\t\t\t\t\t<div class=\"elementor-spacer\">\n\t\t\t<div class=\"elementor-spacer-inner\"><\/div>\n\t\t<\/div>\n\t\t\t\t\t\t<\/div>\n\t\t\t\t<\/div>\n\t\t\t\t\t<\/div>\n\t\t\t\t<\/div>\n\t\t\t\t<\/div>\n\t\t","protected":false},"excerpt":{"rendered":"<p>Home Leistungen Team GitHub Das Team Ein interdisziplin\u00e4res Team aus Software-Engineering-, Daten- und UX-Expert*innen, das gemeinsam intelligente L\u00f6sungen f\u00fcr eine nachhaltig gesunde Softwareentwicklung schafft. Jan-Niclas Str\u00fcwer Technical Lead &amp; Business Development Dr. Matthias Becker Strategic Lead &#038; Principal Investigator Sebastian Leuer Technical Advisor Lucas Briese DevOps Engineer Benedict Wohlers Product Manager &#038; KPI Expert Oshando Johnson Development &#038; GenAI Expert Report Generation Hutomo Saleh Development &#038; Expert Sustainability<\/p>\n","protected":false},"author":2,"featured_media":0,"parent":0,"menu_order":0,"comment_status":"closed","ping_status":"closed","template":"","meta":{"footnotes":""},"class_list":["post-505","page","type-page","status-publish","hentry"],"_links":{"self":[{"href":"https:\/\/software-product.health\/index.php?rest_route=\/wp\/v2\/pages\/505","targetHints":{"allow":["GET"]}}],"collection":[{"href":"https:\/\/software-product.health\/index.php?rest_route=\/wp\/v2\/pages"}],"about":[{"href":"https:\/\/software-product.health\/index.php?rest_route=\/wp\/v2\/types\/page"}],"author":[{"embeddable":true,"href":"https:\/\/software-product.health\/index.php?rest_route=\/wp\/v2\/users\/2"}],"replies":[{"embeddable":true,"href":"https:\/\/software-product.health\/index.php?rest_route=%2Fwp%2Fv2%2Fcomments&post=505"}],"version-history":[{"count":100,"href":"https:\/\/software-product.health\/index.php?rest_route=\/wp\/v2\/pages\/505\/revisions"}],"predecessor-version":[{"id":985,"href":"https:\/\/software-product.health\/index.php?rest_route=\/wp\/v2\/pages\/505\/revisions\/985"}],"wp:attachment":[{"href":"https:\/\/software-product.health\/index.php?rest_route=%2Fwp%2Fv2%2Fmedia&parent=505"}],"curies":[{"name":"wp","href":"https:\/\/api.w.org\/{rel}","templated":true}]}}